{"id":270,"date":"2025-11-07T15:05:35","date_gmt":"2025-11-07T15:05:35","guid":{"rendered":"http:\/\/freight-agency\/?page_id=270"},"modified":"2026-03-18T16:06:48","modified_gmt":"2026-03-18T16:06:48","slug":"terms-and-conditions","status":"publish","type":"page","link":"https:\/\/freightagency.com\/es\/terms-and-conditions\/","title":{"rendered":"Condiciones generales"},"content":{"rendered":"<p>Please see below for our T&amp;Cs with our BIFA T&amp;Cs available by clicking the below button.<\/p>\n<ul>\n<li>Los expedidores deben estar registrados en el EORI para poder exportar carga; en nuestro sitio web encontrar\u00e1 informaci\u00f3n detallada sobre c\u00f3mo registrarse para obtener un n\u00famero EORI.<\/li>\n<li>En el momento de la reserva, solicitaremos un contenedor que pueda soportar la carga m\u00e1s pesada; sin embargo, esto no se puede garantizar, por favor, compruebe la carga del contenedor antes de cargarlo.<\/li>\n<li>Es responsabilidad del cargador garantizar que el lugar de carga sea totalmente accesible, seguro y seguro para los conductores y los veh\u00edculos.<\/li>\n<li>La agencia de transporte no se hace responsable del retraso en la llegada de los contenedores para su carga.<\/li>\n<li>Se aplicar\u00e1n cargos adicionales si el tiempo necesario para cargar un contenedor supera el indicado en el presupuesto inicial.<\/li>\n<li>Las modificaciones\/cancelaciones de transporte efectuadas despu\u00e9s de las 48 horas laborables previas a la carga pueden conllevar gastos adicionales.<\/li>\n<li>El n\u00famero de precinto debe ser proporcionado por el remitente. Si no se proporciona el n\u00famero de precinto, pueden producirse costes adicionales durante y despu\u00e9s del proceso de env\u00edo.<\/li>\n<li>Es responsabilidad del Expedidor proporcionar una descripci\u00f3n exacta de la carga, as\u00ed como asegurarse de que todas las mercanc\u00edas se cargan de forma segura. En caso contrario, pueden producirse costes adicionales que correr\u00e1n siempre por cuenta del expedidor.<\/li>\n<li>Si el peso o el volumen difieren de los indicados, pueden aplicarse gastos adicionales.<\/li>\n<li>Los veh\u00edculos \/ piezas de veh\u00edculos deben estar completamente drenados de TODOS los l\u00edquidos antes de la carga. - se puede solicitar un certificado de descontaminaci\u00f3n que lo demuestre.<\/li>\n<li>Todos los veh\u00edculos de motor cargados deben tener un certificado de ITV v\u00e1lido o un \u2018Certificado de veh\u00edculo reparable\u2019, que debe ser emitido por un mec\u00e1nico certificado, que debe estar disponible a petici\u00f3n.<\/li>\n<li>Los veh\u00edculos el\u00e9ctricos e h\u00edbridos deben declararse como peligrosos en el momento de la reserva.<\/li>\n<li>Se puede solicitar una copia de la comprobaci\u00f3n HPI de cualquier veh\u00edculo cargado.<\/li>\n<li>(Las copias de los 3 certificados anteriores deben estar f\u00e1cilmente disponibles, y se deben a\u00f1adir copias en el interior de las puertas del contenedor).<\/li>\n<li>Los contenedores considerados con sobrepeso incurrir\u00e1n en costes adicionales y posibles penalizaciones por parte de las compa\u00f1\u00edas navieras. En determinadas circunstancias, estos costes adicionales pueden ascender a cantidades muy elevadas.<\/li>\n<li>Las instrucciones de embarque deben proporcionarse a la agencia de transporte, incluyendo la referencia, y enviarse dentro de las 24 horas siguientes a la carga de la mercanc\u00eda en el contenedor. Las instrucciones tard\u00edas pueden dar lugar a que la carga se manifieste incorrectamente y a costes adicionales.<\/li>\n<li>El seguro mar\u00edtimo no est\u00e1 incluido.<\/li>\n<li>La carga peligrosa debe ser declarada en la fase de reserva de la cita, el hecho de no ofrecer esta informaci\u00f3n podr\u00eda dar lugar a fuertes sanciones econ\u00f3micas. (Si no est\u00e1 seguro de si la carga est\u00e1 clasificada como peligrosa, p\u00f3ngase en contacto con nosotros para comprobarlo).<\/li>\n<li>No se deben cargar botellas\/cilindros de gas en un contenedor - Esto acarrear\u00e1 fuertes multas econ\u00f3micas y costes adicionales si se descubre.<\/li>\n<li>Toda la carga el\u00e9ctrica debe ser completamente PAT + Funcionalidad probado por un electricista con certificaci\u00f3n de nivel NVQ 3 o superior y este papeleo de prueba \/ Certificaci\u00f3n ofrecido a petici\u00f3n (Sugerimos tambi\u00e9n copias de este papeleo para ser pegado en el interior de la puerta del contenedor) - el no hacer esto podr\u00eda resultar en el env\u00edo de ser detenido para la exportaci\u00f3n por la EA \/ SEPA e incurrir en cargos adicionales.<\/li>\n<li>Los contenedores deben ser despachados y retirados del puerto de destino de manera oportuna para asegurar que no se acumulen cargos adicionales, cualquier coste por no retirada podr\u00eda resultar en la devoluci\u00f3n de los costes a la cuenta del cargador.<\/li>\n<li>Condiciones de cr\u00e9dito - Efectivo y documentos - salvo acuerdo previo.<\/li>\n<li>Todas las operaciones se realizan de acuerdo con las condiciones comerciales est\u00e1ndar 2021 de la Asociaci\u00f3n Brit\u00e1nica de Transporte Internacional de Mercanc\u00edas (BIFA).<\/li>\n<li>\n<p class=\"xmsonormal\">Customers submitting VGM weights must ensure the declared weight is within 500 kg of the actual verified weight. Any variance above or below this tolerance may result in a charge of GBP 150.00, which may be applied retrospectively.<br \/>\nFAL can arrange VGM services on your behalf at a cost of GBP 35.00, should this be required.<\/p>\n<\/li>\n<\/ul>\n<h3>Condiciones adicionales para nuestro servicio LCL<\/h3>\n<p><strong>Aplicabilidad de los cobros cotizados:<\/strong><\/p>\n<ul>\n<li>Todos los cobros citados s\u00f3lo son aplicables a cobros comerciales.<\/li>\n<li>No aplicable a bienes personales, carga de gran longitud, pesada o peligrosa.<\/li>\n<li>Si desea m\u00e1s informaci\u00f3n sobre estas tarifas adicionales, p\u00f3ngase en contacto con nuestro equipo de ventas.<\/li>\n<\/ul>\n<p><strong>Recargo por recogida de carga de m\u00e1s de 3 metros de longitud<\/strong><\/p>\n<ul>\n<li>Si la carga tiene m\u00e1s de 3 metros de longitud, se aplicar\u00e1 un recargo por recogida.<\/li>\n<\/ul>\n<p><strong>Condiciones para el transporte nacional de mercanc\u00edas en el Reino Unido:<\/strong><\/p>\n<ul>\n<li>Las mudanzas nacionales de carga en el Reino Unido se realizan bajo los t\u00e9rminos y condiciones de RHA a menos que se acuerde lo contrario.<\/li>\n<\/ul>\n<p>Las tarifas se basan \u00fanicamente en la carga apilable, a menos que se especifique lo contrario.<\/p>\n<p><strong>Aceptaci\u00f3n de cargas peligrosas:<\/strong><\/p>\n<ul>\n<li>Toda carga peligrosa est\u00e1 sujeta a la aceptaci\u00f3n de la l\u00ednea y del agente en destino.<\/li>\n<\/ul>\n<p><strong>Carga no paletizada sujeta a aceptaci\u00f3n previa<\/strong><\/p>\n<ul>\n<li>P\u00f3ngase en contacto con nosotros para confirmar las tarifas. La carga inc\u00f3moda, no apilable y peligrosa puede estar sujeta a cargos adicionales.<\/li>\n<\/ul>\n<p><strong>Condiciones de precio:<\/strong><\/p>\n<ul>\n<li>El precio es a CFS en destino.<\/li>\n<\/ul>\n<p><strong>Aceptaci\u00f3n de trabajos:<\/strong><\/p>\n<ul>\n<li>Todos los trabajos est\u00e1n sujetos a aceptaci\u00f3n \/ t\u00e9rminos y condiciones.<\/li>\n<\/ul>\n<p><strong>Responsabilidad de la carga no reclamada:<\/strong><\/p>\n<ul>\n<li>En el desafortunado caso de que la carga no sea reclamada en el destino, la parte contratante ser\u00e1 responsable de todos los gastos relacionados con el abandono, incluidas las tasas de llegada, destrucci\u00f3n, almacenamiento, etc.<\/li>\n<\/ul>\n<p><strong>Tasa de almacenamiento por retraso en las entregas:<\/strong><\/p>\n<ul>\n<li>La carga que se entregue fuera de las horas de corte se cobrar\u00e1 una tarifa diaria de almacenamiento w \/ m.<\/li>\n<\/ul>\n<p><strong>Pol\u00edtica de cancelaci\u00f3n:<\/strong><\/p>\n<ul>\n<li>La anulaci\u00f3n de una reserva sin el preaviso suficiente puede dar lugar a gastos de transporte in\u00fatiles.<\/li>\n<\/ul>\n<p><strong>T\u00e9rminos de la transacci\u00f3n comercial:<\/strong><\/p>\n<ul>\n<li>Todas las actividades de la empresa se realizan con arreglo a las condiciones vigentes de la BIFA, de las que puede obtenerse una copia previa solicitud.<\/li>\n<\/ul>\n<p><strong>Base de cotizaci\u00f3n:<\/strong><\/p>\n<ul>\n<li>Todas las cotizaciones son un precio indicativo basado en el tipo de cambio del d\u00eda. Estar\u00e1 sujeto a cambios en funci\u00f3n de la ROE del buque en el momento de la salida. En caso de que haya alguna diferencia entre el presupuesto y la factura, le recomendamos que cotice en el mismo formato.<\/li>\n<\/ul>","protected":false},"excerpt":{"rendered":"<p>Please see below for our T&amp;Cs with our BIFA T&amp;Cs available by clicking the below button. Shippers should be EORI [&hellip;]<\/p>","protected":false},"author":1,"featured_media":0,"parent":0,"menu_order":0,"comment_status":"closed","ping_status":"closed","template":"","meta":{"_acf_changed":false,"footnotes":""},"class_list":["post-270","page","type-page","status-publish","hentry"],"acf":[],"yoast_head":"<!-- This site is optimized with the Yoast SEO plugin v26.8 - https:\/\/yoast.com\/product\/yoast-seo-wordpress\/ -->\n<title>Terms and Conditions - Freight Agency | UK Freight Forwarding &amp; International Shipping Since 1986<\/title>\n<meta name=\"robots\" content=\"index, follow, max-snippet:-1, max-image-preview:large, max-video-preview:-1\" \/>\n<link rel=\"canonical\" href=\"https:\/\/freightagency.com\/es\/terms-and-conditions\/\" \/>\n<meta property=\"og:locale\" content=\"es_ES\" \/>\n<meta property=\"og:type\" content=\"article\" \/>\n<meta property=\"og:title\" content=\"Terms and Conditions - Freight Agency | UK Freight Forwarding &amp; International Shipping Since 1986\" \/>\n<meta property=\"og:description\" content=\"Please see below for our T&amp;Cs with our BIFA T&amp;Cs available by clicking the below button. Shippers should be EORI [&hellip;]\" \/>\n<meta property=\"og:url\" content=\"https:\/\/freightagency.com\/es\/terms-and-conditions\/\" \/>\n<meta property=\"og:site_name\" content=\"Freight Agency | UK Freight Forwarding &amp; International Shipping Since 1986\" \/>\n<meta property=\"article:modified_time\" content=\"2026-03-18T16:06:48+00:00\" \/>\n<meta name=\"twitter:card\" content=\"summary_large_image\" \/>\n<meta name=\"twitter:label1\" content=\"Tiempo de lectura\" \/>\n\t<meta name=\"twitter:data1\" content=\"5 minutos\" \/>\n<script type=\"application\/ld+json\" class=\"yoast-schema-graph\">{\"@context\":\"https:\/\/schema.org\",\"@graph\":[{\"@type\":\"WebPage\",\"@id\":\"https:\/\/freightagency.com\/terms-and-conditions\/\",\"url\":\"https:\/\/freightagency.com\/terms-and-conditions\/\",\"name\":\"Terms and Conditions - Freight Agency | UK Freight Forwarding &amp; International Shipping Since 1986\",\"isPartOf\":{\"@id\":\"https:\/\/freightagency.com\/#website\"},\"datePublished\":\"2025-11-07T15:05:35+00:00\",\"dateModified\":\"2026-03-18T16:06:48+00:00\",\"breadcrumb\":{\"@id\":\"https:\/\/freightagency.com\/terms-and-conditions\/#breadcrumb\"},\"inLanguage\":\"es\",\"potentialAction\":[{\"@type\":\"ReadAction\",\"target\":[\"https:\/\/freightagency.com\/terms-and-conditions\/\"]}]},{\"@type\":\"BreadcrumbList\",\"@id\":\"https:\/\/freightagency.com\/terms-and-conditions\/#breadcrumb\",\"itemListElement\":[{\"@type\":\"ListItem\",\"position\":1,\"name\":\"Home\",\"item\":\"https:\/\/freightagency.com\/\"},{\"@type\":\"ListItem\",\"position\":2,\"name\":\"Terms and Conditions\"}]},{\"@type\":\"WebSite\",\"@id\":\"https:\/\/freightagency.com\/#website\",\"url\":\"https:\/\/freightagency.com\/\",\"name\":\"Freight Agency | UK Freight Forwarding &amp; International Shipping Since 1986\",\"description\":\"\",\"potentialAction\":[{\"@type\":\"SearchAction\",\"target\":{\"@type\":\"EntryPoint\",\"urlTemplate\":\"https:\/\/freightagency.com\/?s={search_term_string}\"},\"query-input\":{\"@type\":\"PropertyValueSpecification\",\"valueRequired\":true,\"valueName\":\"search_term_string\"}}],\"inLanguage\":\"es\"}]}<\/script>\n<!-- \/ Yoast SEO plugin. -->","yoast_head_json":{"title":"Terms and Conditions - Freight Agency | UK Freight Forwarding &amp; International Shipping Since 1986","robots":{"index":"index","follow":"follow","max-snippet":"max-snippet:-1","max-image-preview":"max-image-preview:large","max-video-preview":"max-video-preview:-1"},"canonical":"https:\/\/freightagency.com\/es\/terms-and-conditions\/","og_locale":"es_ES","og_type":"article","og_title":"Terms and Conditions - Freight Agency | UK Freight Forwarding &amp; International Shipping Since 1986","og_description":"Please see below for our T&amp;Cs with our BIFA T&amp;Cs available by clicking the below button. Shippers should be EORI [&hellip;]","og_url":"https:\/\/freightagency.com\/es\/terms-and-conditions\/","og_site_name":"Freight Agency | UK Freight Forwarding &amp; International Shipping Since 1986","article_modified_time":"2026-03-18T16:06:48+00:00","twitter_card":"summary_large_image","twitter_misc":{"Tiempo de lectura":"5 minutos"},"schema":{"@context":"https:\/\/schema.org","@graph":[{"@type":"WebPage","@id":"https:\/\/freightagency.com\/terms-and-conditions\/","url":"https:\/\/freightagency.com\/terms-and-conditions\/","name":"Terms and Conditions - Freight Agency | UK Freight Forwarding &amp; International Shipping Since 1986","isPartOf":{"@id":"https:\/\/freightagency.com\/#website"},"datePublished":"2025-11-07T15:05:35+00:00","dateModified":"2026-03-18T16:06:48+00:00","breadcrumb":{"@id":"https:\/\/freightagency.com\/terms-and-conditions\/#breadcrumb"},"inLanguage":"es","potentialAction":[{"@type":"ReadAction","target":["https:\/\/freightagency.com\/terms-and-conditions\/"]}]},{"@type":"BreadcrumbList","@id":"https:\/\/freightagency.com\/terms-and-conditions\/#breadcrumb","itemListElement":[{"@type":"ListItem","position":1,"name":"Home","item":"https:\/\/freightagency.com\/"},{"@type":"ListItem","position":2,"name":"Terms and Conditions"}]},{"@type":"WebSite","@id":"https:\/\/freightagency.com\/#website","url":"https:\/\/freightagency.com\/","name":"Freight Agency | UK Freight Forwarding &amp; International Shipping Since 1986","description":"","potentialAction":[{"@type":"SearchAction","target":{"@type":"EntryPoint","urlTemplate":"https:\/\/freightagency.com\/?s={search_term_string}"},"query-input":{"@type":"PropertyValueSpecification","valueRequired":true,"valueName":"search_term_string"}}],"inLanguage":"es"}]}},"_links":{"self":[{"href":"https:\/\/freightagency.com\/es\/wp-json\/wp\/v2\/pages\/270","targetHints":{"allow":["GET"]}}],"collection":[{"href":"https:\/\/freightagency.com\/es\/wp-json\/wp\/v2\/pages"}],"about":[{"href":"https:\/\/freightagency.com\/es\/wp-json\/wp\/v2\/types\/page"}],"author":[{"embeddable":true,"href":"https:\/\/freightagency.com\/es\/wp-json\/wp\/v2\/users\/1"}],"replies":[{"embeddable":true,"href":"https:\/\/freightagency.com\/es\/wp-json\/wp\/v2\/comments?post=270"}],"version-history":[{"count":8,"href":"https:\/\/freightagency.com\/es\/wp-json\/wp\/v2\/pages\/270\/revisions"}],"predecessor-version":[{"id":852,"href":"https:\/\/freightagency.com\/es\/wp-json\/wp\/v2\/pages\/270\/revisions\/852"}],"wp:attachment":[{"href":"https:\/\/freightagency.com\/es\/wp-json\/wp\/v2\/media?parent=270"}],"curies":[{"name":"wp","href":"https:\/\/api.w.org\/{rel}","templated":true}]}}